{"id":47247,"date":"2025-11-12T15:20:56","date_gmt":"2025-11-12T15:20:56","guid":{"rendered":"https:\/\/enobalund.se\/?post_type=product&#038;p=47247"},"modified":"2025-11-12T15:31:33","modified_gmt":"2025-11-12T15:31:33","slug":"eno-034-copia","status":"publish","type":"product","link":"https:\/\/enobalund.se\/es\/producto\/eno-034-copia\/","title":{"rendered":"ENO-035"},"content":{"rendered":"","protected":false},"excerpt":{"rendered":"<p>Descubre un paquete exclusivo con 6 botellas de vino de Ribera del Duero:<\/p>\n<p>\u00b7 2 Botellas de Embocadesro joven roble 2022 <br \/>Vi\u00f1edos ubicados en Roa de Duero, Burgos en un suelo bien aireado y profundo de estructura franco-arenoso con base arcillosa que le confieren al vino estructura y mineralidad.<\/p>\n<p>\u00b7 2 Botellas de Vi\u00f1a Buena Crianza 2020<br \/>Vi\u00f1edos ubicados en Quintanilla de On\u00e9simo, Valladolid en un suelo con abundante presencia de cantos rodados y estructura arcillo-calc\u00e1reo con buen drenaje y favorecida la maduraci\u00f3n por el reflejo la luz solar en ese manto de cantos rodados.<\/p>\n<p>\u00b7 2 Botellas de TG Altos del Enebro 2023<br \/>Los vi\u00f1edos se ubican en las zonas m\u00e1s elevadas de la D.O. Ribera del Duero en suelos de altitud, predominantemente arcillo-calc\u00e1reos con presencia de arenas y gravas. Son suelos pobres en materia org\u00e1nica, lo que limita el vigor de la vid y favorece la concentraci\u00f3n de aromas, mejorando la maduraci\u00f3n fen\u00f3lica y la frescura del vino.<\/p>\n","protected":false},"featured_media":47251,"comment_status":"closed","ping_status":"closed","template":"","meta":[],"product_brand":[],"product_cat":[291],"product_tag":[],"class_list":{"0":"post-47247","1":"product","2":"type-product","3":"status-publish","4":"has-post-thumbnail","6":"product_cat-eno-035","9":"first","10":"instock","11":"taxable","12":"shipping-taxable","13":"purchasable","14":"product-type-simple"},"yoast_head":"<!-- This site is optimized with the Yoast SEO plugin v27.1.1 - https:\/\/yoast.com\/product\/yoast-seo-wordpress\/ -->\n<title>ENO-035 - Enobalund<\/title>\n<meta name=\"robots\" content=\"index, follow, max-snippet:-1, max-image-preview:large, max-video-preview:-1\" \/>\n<link rel=\"canonical\" href=\"https:\/\/enobalund.se\/es\/producto\/eno-034-copia\/\" \/>\n<meta property=\"og:locale\" content=\"es_ES\" \/>\n<meta property=\"og:type\" content=\"article\" \/>\n<meta property=\"og:title\" content=\"ENO-035 - Enobalund\" \/>\n<meta property=\"og:description\" content=\"Descubre un paquete exclusivo con 6 botellas de vino de Ribera del Duero: \u00b7 2 Botellas de Embocadesro joven roble 2022 Vi\u00f1edos ubicados en Roa de Duero, Burgos en un suelo bien aireado y profundo de estructura franco-arenoso con base arcillosa que le confieren al vino estructura y mineralidad. \u00b7 2 Botellas de Vi\u00f1a Buena Crianza 2020Vi\u00f1edos ubicados en Quintanilla de On\u00e9simo, Valladolid en un suelo con abundante presencia de cantos rodados y estructura arcillo-calc\u00e1reo con buen drenaje y favorecida la maduraci\u00f3n por el reflejo la luz solar en ese manto de cantos rodados. \u00b7 2 Botellas de TG Altos del Enebro 2023Los vi\u00f1edos se ubican en las zonas m\u00e1s elevadas de la D.O. Ribera del Duero en suelos de altitud, predominantemente arcillo-calc\u00e1reos con presencia de arenas y gravas. Son suelos pobres en materia org\u00e1nica, lo que limita el vigor de la vid y favorece la concentraci\u00f3n de aromas, mejorando la maduraci\u00f3n fen\u00f3lica y la frescura del vino.\" \/>\n<meta property=\"og:url\" content=\"https:\/\/enobalund.se\/es\/producto\/eno-034-copia\/\" \/>\n<meta property=\"og:site_name\" content=\"Enobalund\" \/>\n<meta property=\"article:publisher\" content=\"https:\/\/www.facebook.com\/enobalund\" \/>\n<meta property=\"article:modified_time\" content=\"2025-11-12T15:31:33+00:00\" \/>\n<meta property=\"og:image\" content=\"https:\/\/enobalund.se\/wp-content\/uploads\/2025\/11\/product-eno-035-1.png\" \/>\n\t<meta property=\"og:image:width\" content=\"726\" \/>\n\t<meta property=\"og:image:height\" content=\"697\" \/>\n\t<meta property=\"og:image:type\" content=\"image\/png\" \/>\n<meta name=\"twitter:card\" content=\"summary_large_image\" \/>\n<meta name=\"twitter:site\" content=\"@enobalund\" \/>\n<script type=\"application\/ld+json\" class=\"yoast-schema-graph\">{\"@context\":\"https:\/\/schema.org\",\"@graph\":[{\"@type\":\"WebPage\",\"@id\":\"https:\/\/enobalund.se\/es\/producto\/eno-034-copia\/\",\"url\":\"https:\/\/enobalund.se\/es\/producto\/eno-034-copia\/\",\"name\":\"ENO-035 - Enobalund\",\"isPartOf\":{\"@id\":\"https:\/\/enobalund.se\/es\/#website\"},\"primaryImageOfPage\":{\"@id\":\"https:\/\/enobalund.se\/es\/producto\/eno-034-copia\/#primaryimage\"},\"image\":{\"@id\":\"https:\/\/enobalund.se\/es\/producto\/eno-034-copia\/#primaryimage\"},\"thumbnailUrl\":\"https:\/\/enobalund.se\/wp-content\/uploads\/2025\/11\/product-eno-035-1.png\",\"datePublished\":\"2025-11-12T15:20:56+00:00\",\"dateModified\":\"2025-11-12T15:31:33+00:00\",\"breadcrumb\":{\"@id\":\"https:\/\/enobalund.se\/es\/producto\/eno-034-copia\/#breadcrumb\"},\"inLanguage\":\"es\",\"potentialAction\":[{\"@type\":\"ReadAction\",\"target\":[\"https:\/\/enobalund.se\/es\/producto\/eno-034-copia\/\"]}]},{\"@type\":\"ImageObject\",\"inLanguage\":\"es\",\"@id\":\"https:\/\/enobalund.se\/es\/producto\/eno-034-copia\/#primaryimage\",\"url\":\"https:\/\/enobalund.se\/wp-content\/uploads\/2025\/11\/product-eno-035-1.png\",\"contentUrl\":\"https:\/\/enobalund.se\/wp-content\/uploads\/2025\/11\/product-eno-035-1.png\",\"width\":726,\"height\":697},{\"@type\":\"BreadcrumbList\",\"@id\":\"https:\/\/enobalund.se\/es\/producto\/eno-034-copia\/#breadcrumb\",\"itemListElement\":[{\"@type\":\"ListItem\",\"position\":1,\"name\":\"Portada\",\"item\":\"https:\/\/enobalund.se\/es\/inicio\/\"},{\"@type\":\"ListItem\",\"position\":2,\"name\":\"Tienda\",\"item\":\"https:\/\/enobalund.se\/es\/tienda\/\"},{\"@type\":\"ListItem\",\"position\":3,\"name\":\"ENO-035\"}]},{\"@type\":\"WebSite\",\"@id\":\"https:\/\/enobalund.se\/es\/#website\",\"url\":\"https:\/\/enobalund.se\/es\/\",\"name\":\"Enobalund\",\"description\":\"Spanish wines with passion\",\"publisher\":{\"@id\":\"https:\/\/enobalund.se\/es\/#organization\"},\"potentialAction\":[{\"@type\":\"SearchAction\",\"target\":{\"@type\":\"EntryPoint\",\"urlTemplate\":\"https:\/\/enobalund.se\/es\/?s={search_term_string}\"},\"query-input\":{\"@type\":\"PropertyValueSpecification\",\"valueRequired\":true,\"valueName\":\"search_term_string\"}}],\"inLanguage\":\"es\"},{\"@type\":\"Organization\",\"@id\":\"https:\/\/enobalund.se\/es\/#organization\",\"name\":\"Enobalund\",\"url\":\"https:\/\/enobalund.se\/es\/\",\"logo\":{\"@type\":\"ImageObject\",\"inLanguage\":\"es\",\"@id\":\"https:\/\/enobalund.se\/es\/#\/schema\/logo\/image\/\",\"url\":\"https:\/\/enobalund.se\/wp-content\/uploads\/2020\/04\/logo-ENOBALUND-cuadrado.jpg\",\"contentUrl\":\"https:\/\/enobalund.se\/wp-content\/uploads\/2020\/04\/logo-ENOBALUND-cuadrado.jpg\",\"width\":807,\"height\":807,\"caption\":\"Enobalund\"},\"image\":{\"@id\":\"https:\/\/enobalund.se\/es\/#\/schema\/logo\/image\/\"},\"sameAs\":[\"https:\/\/www.facebook.com\/enobalund\",\"https:\/\/x.com\/enobalund\"]}]}<\/script>\n<!-- \/ Yoast SEO plugin. -->","yoast_head_json":{"title":"ENO-035 - Enobalund","robots":{"index":"index","follow":"follow","max-snippet":"max-snippet:-1","max-image-preview":"max-image-preview:large","max-video-preview":"max-video-preview:-1"},"canonical":"https:\/\/enobalund.se\/es\/producto\/eno-034-copia\/","og_locale":"es_ES","og_type":"article","og_title":"ENO-035 - Enobalund","og_description":"Descubre un paquete exclusivo con 6 botellas de vino de Ribera del Duero: \u00b7 2 Botellas de Embocadesro joven roble 2022 Vi\u00f1edos ubicados en Roa de Duero, Burgos en un suelo bien aireado y profundo de estructura franco-arenoso con base arcillosa que le confieren al vino estructura y mineralidad. \u00b7 2 Botellas de Vi\u00f1a Buena Crianza 2020Vi\u00f1edos ubicados en Quintanilla de On\u00e9simo, Valladolid en un suelo con abundante presencia de cantos rodados y estructura arcillo-calc\u00e1reo con buen drenaje y favorecida la maduraci\u00f3n por el reflejo la luz solar en ese manto de cantos rodados. \u00b7 2 Botellas de TG Altos del Enebro 2023Los vi\u00f1edos se ubican en las zonas m\u00e1s elevadas de la D.O. Ribera del Duero en suelos de altitud, predominantemente arcillo-calc\u00e1reos con presencia de arenas y gravas. Son suelos pobres en materia org\u00e1nica, lo que limita el vigor de la vid y favorece la concentraci\u00f3n de aromas, mejorando la maduraci\u00f3n fen\u00f3lica y la frescura del vino.","og_url":"https:\/\/enobalund.se\/es\/producto\/eno-034-copia\/","og_site_name":"Enobalund","article_publisher":"https:\/\/www.facebook.com\/enobalund","article_modified_time":"2025-11-12T15:31:33+00:00","og_image":[{"width":726,"height":697,"url":"https:\/\/enobalund.se\/wp-content\/uploads\/2025\/11\/product-eno-035-1.png","type":"image\/png"}],"twitter_card":"summary_large_image","twitter_site":"@enobalund","schema":{"@context":"https:\/\/schema.org","@graph":[{"@type":"WebPage","@id":"https:\/\/enobalund.se\/es\/producto\/eno-034-copia\/","url":"https:\/\/enobalund.se\/es\/producto\/eno-034-copia\/","name":"ENO-035 - Enobalund","isPartOf":{"@id":"https:\/\/enobalund.se\/es\/#website"},"primaryImageOfPage":{"@id":"https:\/\/enobalund.se\/es\/producto\/eno-034-copia\/#primaryimage"},"image":{"@id":"https:\/\/enobalund.se\/es\/producto\/eno-034-copia\/#primaryimage"},"thumbnailUrl":"https:\/\/enobalund.se\/wp-content\/uploads\/2025\/11\/product-eno-035-1.png","datePublished":"2025-11-12T15:20:56+00:00","dateModified":"2025-11-12T15:31:33+00:00","breadcrumb":{"@id":"https:\/\/enobalund.se\/es\/producto\/eno-034-copia\/#breadcrumb"},"inLanguage":"es","potentialAction":[{"@type":"ReadAction","target":["https:\/\/enobalund.se\/es\/producto\/eno-034-copia\/"]}]},{"@type":"ImageObject","inLanguage":"es","@id":"https:\/\/enobalund.se\/es\/producto\/eno-034-copia\/#primaryimage","url":"https:\/\/enobalund.se\/wp-content\/uploads\/2025\/11\/product-eno-035-1.png","contentUrl":"https:\/\/enobalund.se\/wp-content\/uploads\/2025\/11\/product-eno-035-1.png","width":726,"height":697},{"@type":"BreadcrumbList","@id":"https:\/\/enobalund.se\/es\/producto\/eno-034-copia\/#breadcrumb","itemListElement":[{"@type":"ListItem","position":1,"name":"Portada","item":"https:\/\/enobalund.se\/es\/inicio\/"},{"@type":"ListItem","position":2,"name":"Tienda","item":"https:\/\/enobalund.se\/es\/tienda\/"},{"@type":"ListItem","position":3,"name":"ENO-035"}]},{"@type":"WebSite","@id":"https:\/\/enobalund.se\/es\/#website","url":"https:\/\/enobalund.se\/es\/","name":"Enobalund","description":"Spanish wines with passion","publisher":{"@id":"https:\/\/enobalund.se\/es\/#organization"},"potentialAction":[{"@type":"SearchAction","target":{"@type":"EntryPoint","urlTemplate":"https:\/\/enobalund.se\/es\/?s={search_term_string}"},"query-input":{"@type":"PropertyValueSpecification","valueRequired":true,"valueName":"search_term_string"}}],"inLanguage":"es"},{"@type":"Organization","@id":"https:\/\/enobalund.se\/es\/#organization","name":"Enobalund","url":"https:\/\/enobalund.se\/es\/","logo":{"@type":"ImageObject","inLanguage":"es","@id":"https:\/\/enobalund.se\/es\/#\/schema\/logo\/image\/","url":"https:\/\/enobalund.se\/wp-content\/uploads\/2020\/04\/logo-ENOBALUND-cuadrado.jpg","contentUrl":"https:\/\/enobalund.se\/wp-content\/uploads\/2020\/04\/logo-ENOBALUND-cuadrado.jpg","width":807,"height":807,"caption":"Enobalund"},"image":{"@id":"https:\/\/enobalund.se\/es\/#\/schema\/logo\/image\/"},"sameAs":["https:\/\/www.facebook.com\/enobalund","https:\/\/x.com\/enobalund"]}]}},"publishpress_future_workflow_manual_trigger":{"enabledWorkflows":[]},"_links":{"self":[{"href":"https:\/\/enobalund.se\/es\/wp-json\/wp\/v2\/product\/47247","targetHints":{"allow":["GET"]}}],"collection":[{"href":"https:\/\/enobalund.se\/es\/wp-json\/wp\/v2\/product"}],"about":[{"href":"https:\/\/enobalund.se\/es\/wp-json\/wp\/v2\/types\/product"}],"replies":[{"embeddable":true,"href":"https:\/\/enobalund.se\/es\/wp-json\/wp\/v2\/comments?post=47247"}],"wp:featuredmedia":[{"embeddable":true,"href":"https:\/\/enobalund.se\/es\/wp-json\/wp\/v2\/media\/47251"}],"wp:attachment":[{"href":"https:\/\/enobalund.se\/es\/wp-json\/wp\/v2\/media?parent=47247"}],"wp:term":[{"taxonomy":"product_brand","embeddable":true,"href":"https:\/\/enobalund.se\/es\/wp-json\/wp\/v2\/product_brand?post=47247"},{"taxonomy":"product_cat","embeddable":true,"href":"https:\/\/enobalund.se\/es\/wp-json\/wp\/v2\/product_cat?post=47247"},{"taxonomy":"product_tag","embeddable":true,"href":"https:\/\/enobalund.se\/es\/wp-json\/wp\/v2\/product_tag?post=47247"}],"curies":[{"name":"wp","href":"https:\/\/api.w.org\/{rel}","templated":true}]}}