{"id":47144,"date":"2021-02-17T09:52:21","date_gmt":"2021-02-17T09:52:21","guid":{"rendered":"https:\/\/enobalund.se\/fondillon\/"},"modified":"2025-09-16T10:12:15","modified_gmt":"2025-09-16T10:12:15","slug":"fondillon","status":"publish","type":"page","link":"https:\/\/enobalund.se\/es\/fondillon\/","title":{"rendered":"Fondill\u00f3n"},"content":{"rendered":"\t\t<div data-elementor-type=\"wp-page\" data-elementor-id=\"47144\" class=\"elementor elementor-47144 elementor-9177\">\n\t\t\t\t\t\t<section class=\"elementor-section elementor-top-section elementor-element elementor-element-5e833c5 elementor-section-boxed elementor-section-height-default elementor-section-height-default\" data-id=\"5e833c5\" data-element_type=\"section\" data-e-type=\"section\">\n\t\t\t\t\t\t<div class=\"elementor-container elementor-column-gap-default\">\n\t\t\t\t\t<div class=\"elementor-column elementor-col-100 elementor-top-column elementor-element elementor-element-fa6b75f\" data-id=\"fa6b75f\" data-element_type=\"column\" data-e-type=\"column\">\n\t\t\t<div class=\"elementor-widget-wrap elementor-element-populated\">\n\t\t\t\t\t\t<div class=\"elementor-element elementor-element-f8c46f7 elementor-widget elementor-widget-text-editor\" data-id=\"f8c46f7\" data-element_type=\"widget\" data-e-type=\"widget\" data-widget_type=\"text-editor.default\">\n\t\t\t\t<div class=\"elementor-widget-container\">\n\t\t\t\t\t\t\t\t\t<p>Queremos presentar un <strong>vino legendario<\/strong> que muchos han o\u00eddo hablar de el pero muy pocos han probado.<\/p><p><strong>Solo Reyes y Nobles<\/strong> ten\u00edan estos vinos en su alacena.<\/p><p>Hablamos de un <em><strong>vino m\u00edtico<\/strong><\/em> del que ya el rey Luis XIV &#8220;El Rey Sol&#8221; hablaba del el all\u00e1 por el 1700.<\/p><p>Otros famosos que tambi\u00e9n hablaban de este vino m\u00edtico son los escritores Alejandro Dumas en su conocida obra El Conde de Montecristo y Daniel DeFoe.<\/p><p>Tambi\u00e9n dicen que es el vino que acompa\u00f1o a Magallanes y Elcano en su camarote en la primera vuelta al mundo hace 500 a\u00f1os.<\/p><p>En un pecio (un barco hundido) durante la batalla entre Napole\u00f3n y Espa\u00f1a de 1800 han encontrado botellas de Fondill\u00f3n que guardaba el capit\u00e1n en su camarote en perfecto estado 200 a\u00f1os despu\u00e9s.<\/p><p>Este estilo de vino tiene su origen en Alicante conocida como capital tur\u00edstica de la costa blanca. Pero no solo es sol y playa lo que aqu\u00ed se encuentra, escarbando un poco en la superficie encontramos una comarca de una gran riqueza cultura, con tesoros como el <em><strong>Fondill\u00f3n <\/strong><\/em>elaborado solo en 7 bodegas de la zona.  <\/p><p>Emplean la variedad <strong>Monastrell <\/strong>la m\u00e1s popular variedad mediterr\u00e1nea de Espa\u00f1a.<\/p><p>Se espera hasta el mes de Noviembre para vendimiarla cuando los racimos estan sobre maduros en la cepa algunos ya presentan algunas bayas como pasas. Se estrujan los racimos y la poca cantidad de un mosto muy dulce se deja fermentar lentamente sin a\u00f1adir nada. Es un mosto que contiene mucho az\u00facar y las levaduras no pueden transformar tanta azucar en alcohol por lo que resulta un vino con cierto az\u00facar residual y un grado alcoh\u00f3lico por encima de los 16,5%.  <\/p>\t\t\t\t\t\t\t\t<\/div>\n\t\t\t\t<\/div>\n\t\t\t\t\t<\/div>\n\t\t<\/div>\n\t\t\t\t\t<\/div>\n\t\t<\/section>\n\t\t\t\t<section class=\"elementor-section elementor-top-section elementor-element elementor-element-b693aaf elementor-section-boxed elementor-section-height-default elementor-section-height-default\" data-id=\"b693aaf\" data-element_type=\"section\" data-e-type=\"section\">\n\t\t\t\t\t\t<div class=\"elementor-container elementor-column-gap-default\">\n\t\t\t\t\t<div class=\"elementor-column elementor-col-100 elementor-top-column elementor-element elementor-element-90f74de\" data-id=\"90f74de\" data-element_type=\"column\" data-e-type=\"column\">\n\t\t\t<div class=\"elementor-widget-wrap elementor-element-populated\">\n\t\t\t\t\t\t<div class=\"elementor-element elementor-element-c5d5b18 elementor-widget elementor-widget-image\" data-id=\"c5d5b18\" data-element_type=\"widget\" data-e-type=\"widget\" data-widget_type=\"image.default\">\n\t\t\t\t<div class=\"elementor-widget-container\">\n\t\t\t\t\t\t\t\t\t\t\t\t\t\t\t<img fetchpriority=\"high\" decoding=\"async\" width=\"1024\" height=\"366\" src=\"https:\/\/enobalund.se\/wp-content\/uploads\/2021\/01\/img2018803329-1024x366.jpg\" class=\"attachment-large size-large wp-image-47142\" alt=\"\" \/>\t\t\t\t\t\t\t\t\t\t\t\t\t\t\t<\/div>\n\t\t\t\t<\/div>\n\t\t\t\t\t<\/div>\n\t\t<\/div>\n\t\t\t\t\t<\/div>\n\t\t<\/section>\n\t\t\t\t<section class=\"elementor-section elementor-top-section elementor-element elementor-element-7729939 elementor-section-content-middle elementor-section-boxed elementor-section-height-default elementor-section-height-default\" data-id=\"7729939\" data-element_type=\"section\" data-e-type=\"section\">\n\t\t\t\t\t\t<div class=\"elementor-container elementor-column-gap-default\">\n\t\t\t\t\t<div class=\"elementor-column elementor-col-100 elementor-top-column elementor-element elementor-element-8b5d36c\" data-id=\"8b5d36c\" data-element_type=\"column\" data-e-type=\"column\">\n\t\t\t<div class=\"elementor-widget-wrap elementor-element-populated\">\n\t\t\t\t\t\t<div class=\"elementor-element elementor-element-342ff9a elementor-widget elementor-widget-text-editor\" data-id=\"342ff9a\" data-element_type=\"widget\" data-e-type=\"widget\" data-widget_type=\"text-editor.default\">\n\t\t\t\t<div class=\"elementor-widget-container\">\n\t\t\t\t\t\t\t\t\t<p><strong><em>El Fondill\u00f3n nunca se encabeza con alcohol o se a\u00f1ade az\u00facar para aumentar su grado<\/em><\/strong>, procedimientos que se emplean en otros vinos fortificados como El Oporto, Madeira o PX. El Fondill\u00f3n es completamente natural. <\/p><p>Depu\u00e9s de que el vino est\u00e1 terminado, se cr\u00eda por tiempo indeterminado en viejas toneles, grandes barricas de roble de 1730 litros de capacidad, por lo menos durante 10 a\u00f1os se va mezclando con los sedimentos que le aportan su especial car\u00e1cter a estos vinos.<\/p><p>Ferran Centelles escribio, en la revista de Jancis Robison, un art\u00edculo titulado &#8220;<strong>Alicante, el secreto escondido del Fondill\u00f3n<\/strong>&#8221; donde se otorga la m\u00e1xima puntaci\u00f3n posible a estos vinos tan especiales:<\/p><p><em>\u201dHere\u00b4s a magnificent wine that derserves UNESCO world heritages status\u201d.<\/em><\/p><p>Cuando se prueban estos vinos es como probar un episodio del tiempo.<\/p><p>El Fondill\u00f3n tiene un pacto con el tiempo mientras m\u00e1s viejo este vino se vuelve mejor y mejor.<\/p><p>Hay que ciar el vino un tiempo m\u00ednimo de 10 a\u00f1os, pero en el mercado hay vinos que superan los 50 a\u00f1os de crianza. Una herencia a la que hay que otorgar un profundo respeto. <\/p><h5>Filosof\u00eda de trabajo:<\/h5><p><strong>Rafael Poveda<\/strong> es el en\u00f3logo del grupo MG wines en Bodegas Monovar, bodega que tiene un tesoro de m\u00e1s de 100 toneles de Fondill\u00f3n.<\/p><p>Estos especiales toneles, son grandes barricas de roble de 1730 litros de capacidad, para el fondill\u00f3n no pueden emplearse barricas nuevas sino que tienen que buscar entre las familias del lugar si a\u00fan conservan los viejos toneles de sus abuelos. Rafael con mucho cuidado ha ido llevando los toneles a la nueva bodega donde todos los par\u00e1metros de humedad y temperatura est\u00e1n controlados para el mejor cuidado de estos hist\u00f3ricos toneles. <\/p><p>Como era con su padre, <strong>Rafael se siente como un guardi\u00e1n de estos vinos hist\u00f3ricos<\/strong>. Ha recogido el testigo que su padre le entreg\u00f3 y en su momento lo entregar\u00e1 a su sobrino. Cuando uno vende los vinos que su abuelo ha elaborado se siente una tremenda resposabilidad.  <\/p><p>Cuando se comprende, que para beber estos vinos se necesitan generaciones para presentarlos se empieza a intuir lo que tenemos en la copa.<\/p><p>Rafael Poveda pertenece a una familia que ha elaborado Fondill\u00f3n desde siempre, sino no funcionar\u00eda el sistema. Ahora est\u00e1 elaborando los vinos que sus nietos vender\u00e1n dentro de 20 a\u00f1os.<\/p><p>El grupo MG Wines posee 6 bodegas en el entorno con distintos tipos de vinos que pueden satisfacer todos los deseos que sus clientes puedan tener, pero el Fondill\u00f3n es su vino ic\u00f3nico, una herencia que no quieren que desaparezca.<\/p>\t\t\t\t\t\t\t\t<\/div>\n\t\t\t\t<\/div>\n\t\t\t\t<div class=\"elementor-element elementor-element-9c89c20 elementor-widget elementor-widget-spacer\" data-id=\"9c89c20\" data-element_type=\"widget\" data-e-type=\"widget\" data-widget_type=\"spacer.default\">\n\t\t\t\t<div class=\"elementor-widget-container\">\n\t\t\t\t\t\t\t<div class=\"elementor-spacer\">\n\t\t\t<div class=\"elementor-spacer-inner\"><\/div>\n\t\t<\/div>\n\t\t\t\t\t\t<\/div>\n\t\t\t\t<\/div>\n\t\t\t\t<div class=\"elementor-element elementor-element-c3c22b1 elementor-widget elementor-widget-heading\" data-id=\"c3c22b1\" data-element_type=\"widget\" data-e-type=\"widget\" data-widget_type=\"heading.default\">\n\t\t\t\t<div class=\"elementor-widget-container\">\n\t\t\t\t\t<h3 class=\"elementor-heading-title elementor-size-default\">FONDILLON \u201dESTES DONDE ESTES\u201d (WHEREVER YOU ARE)<\/h3>\t\t\t\t<\/div>\n\t\t\t\t<\/div>\n\t\t\t\t\t<\/div>\n\t\t<\/div>\n\t\t\t\t\t<\/div>\n\t\t<\/section>\n\t\t\t\t<section class=\"elementor-section elementor-top-section elementor-element elementor-element-34e7bfd elementor-section-content-middle elementor-section-boxed elementor-section-height-default elementor-section-height-default\" data-id=\"34e7bfd\" data-element_type=\"section\" data-e-type=\"section\">\n\t\t\t\t\t\t<div class=\"elementor-container elementor-column-gap-default\">\n\t\t\t\t\t<div class=\"elementor-column elementor-col-50 elementor-top-column elementor-element elementor-element-a87f053\" data-id=\"a87f053\" data-element_type=\"column\" data-e-type=\"column\">\n\t\t\t<div class=\"elementor-widget-wrap elementor-element-populated\">\n\t\t\t\t\t\t<div class=\"elementor-element elementor-element-3374a32 elementor-widget elementor-widget-image\" data-id=\"3374a32\" data-element_type=\"widget\" data-e-type=\"widget\" data-widget_type=\"image.default\">\n\t\t\t\t<div class=\"elementor-widget-container\">\n\t\t\t\t\t\t\t\t\t\t\t\t\t\t\t<img decoding=\"async\" width=\"269\" height=\"741\" src=\"https:\/\/enobalund.se\/wp-content\/uploads\/2021\/02\/botella-fondillon-alicante-1996.png\" class=\"attachment-large size-large wp-image-47102\" alt=\"\" \/>\t\t\t\t\t\t\t\t\t\t\t\t\t\t\t<\/div>\n\t\t\t\t<\/div>\n\t\t\t\t\t<\/div>\n\t\t<\/div>\n\t\t\t\t<div class=\"elementor-column elementor-col-50 elementor-top-column elementor-element elementor-element-eb6e8f2\" data-id=\"eb6e8f2\" data-element_type=\"column\" data-e-type=\"column\">\n\t\t\t<div class=\"elementor-widget-wrap elementor-element-populated\">\n\t\t\t\t\t\t<div class=\"elementor-element elementor-element-e4f9d06 elementor-widget elementor-widget-text-editor\" data-id=\"e4f9d06\" data-element_type=\"widget\" data-e-type=\"widget\" data-widget_type=\"text-editor.default\">\n\t\t\t\t<div class=\"elementor-widget-container\">\n\t\t\t\t\t\t\t\t\t<p>Este Fondill\u00f3n es de la cosecha de 1996 con <strong>m\u00e1s de 20 a\u00f1os de crianza en viejos toneles<\/strong>. Un vino que va en contra de las actuales modas en que todo tiene que ser r\u00e1pido. Un vino para <strong>disfrutar tranquilamente<\/strong> frente las llamas de una chimenea mientras fuera nieva copiosamente, el tiempo se detiene.  <\/p><p>El aroma del Fondill\u00f3n a viejos muebles de caoba con sabor a almendras tostadas y higos se siente sedoso en la boca. Una extra\u00f1a combinaci\u00f3n entre dulce, \u00e1cido y salado, con un eterno postgusto.  <\/p><p>Servir entre 16-18\u00ba las botellas se pueden conservar de pie.<\/p><p>Un incre\u00edble vino de postre que combina estupendamente con tartas de chocolate o almendras tambi\u00e9n de aperitivo con unas almendras tostadas.<\/p>\t\t\t\t\t\t\t\t<\/div>\n\t\t\t\t<\/div>\n\t\t\t\t\t<\/div>\n\t\t<\/div>\n\t\t\t\t\t<\/div>\n\t\t<\/section>\n\t\t\t\t<section class=\"elementor-section elementor-top-section elementor-element elementor-element-eef1bfa elementor-section-content-middle elementor-section-boxed elementor-section-height-default elementor-section-height-default\" data-id=\"eef1bfa\" data-element_type=\"section\" data-e-type=\"section\">\n\t\t\t\t\t\t<div class=\"elementor-container elementor-column-gap-default\">\n\t\t\t\t\t<div class=\"elementor-column elementor-col-50 elementor-top-column elementor-element elementor-element-34d81bf\" data-id=\"34d81bf\" data-element_type=\"column\" data-e-type=\"column\">\n\t\t\t<div class=\"elementor-widget-wrap elementor-element-populated\">\n\t\t\t\t\t\t<div class=\"elementor-element elementor-element-a83da08 elementor-widget elementor-widget-text-editor\" data-id=\"a83da08\" data-element_type=\"widget\" data-e-type=\"widget\" data-widget_type=\"text-editor.default\">\n\t\t\t\t<div class=\"elementor-widget-container\">\n\t\t\t\t\t\t\t\t\t<p>El hermano mayor para este Fondill\u00f3n es el <strong>Fondill\u00f3n de 50 a\u00f1os<\/strong> &#8220;siempre te esperar\u00e9&#8221; un vino para sorprender a los expertos.<\/p><p>Obtuvo el galard\u00f3n de mejor vino de Espa\u00f1a por Alimentos de Espa\u00f1a<\/p><p><strong>El regalo perfecto para el 50 aniversario<\/strong><\/p>\t\t\t\t\t\t\t\t<\/div>\n\t\t\t\t<\/div>\n\t\t\t\t\t<\/div>\n\t\t<\/div>\n\t\t\t\t<div class=\"elementor-column elementor-col-50 elementor-top-column elementor-element elementor-element-15ef2ad\" data-id=\"15ef2ad\" data-element_type=\"column\" data-e-type=\"column\">\n\t\t\t<div class=\"elementor-widget-wrap elementor-element-populated\">\n\t\t\t\t\t\t<div class=\"elementor-element elementor-element-df736a4 elementor-widget elementor-widget-image\" data-id=\"df736a4\" data-element_type=\"widget\" data-e-type=\"widget\" data-widget_type=\"image.default\">\n\t\t\t\t<div class=\"elementor-widget-container\">\n\t\t\t\t\t\t\t\t\t\t\t\t\t\t\t<img decoding=\"async\" width=\"900\" height=\"900\" src=\"https:\/\/enobalund.se\/wp-content\/uploads\/2021\/02\/Botella-fondillon-50-anos-wine.png\" class=\"attachment-large size-large wp-image-47143\" alt=\"\" \/>\t\t\t\t\t\t\t\t\t\t\t\t\t\t\t<\/div>\n\t\t\t\t<\/div>\n\t\t\t\t\t<\/div>\n\t\t<\/div>\n\t\t\t\t\t<\/div>\n\t\t<\/section>\n\t\t\t\t<\/div>\n\t\t","protected":false},"excerpt":{"rendered":"<p>Queremos presentar un vino legendario que muchos han o\u00eddo hablar de el pero muy pocos han probado. Solo Reyes y Nobles ten\u00edan estos vinos en su alacena. Hablamos de un vino m\u00edtico del que ya el rey Luis XIV &#8220;El Rey Sol&#8221; hablaba del el all\u00e1 por el 1700. Otros famosos que tambi\u00e9n hablaban de [&hellip;]<\/p>\n","protected":false},"author":6,"featured_media":0,"parent":0,"menu_order":0,"comment_status":"closed","ping_status":"closed","template":"","meta":{"footnotes":""},"class_list":["post-47144","page","type-page","status-publish","hentry"],"yoast_head":"<!-- This site is optimized with the Yoast SEO plugin v27.1.1 - https:\/\/yoast.com\/product\/yoast-seo-wordpress\/ -->\n<title>Fondill\u00f3n - Enobalund<\/title>\n<meta name=\"robots\" content=\"index, follow, max-snippet:-1, max-image-preview:large, max-video-preview:-1\" \/>\n<link rel=\"canonical\" href=\"https:\/\/enobalund.se\/es\/fondillon\/\" \/>\n<meta property=\"og:locale\" content=\"es_ES\" \/>\n<meta property=\"og:type\" content=\"article\" \/>\n<meta property=\"og:title\" content=\"Fondill\u00f3n - Enobalund\" \/>\n<meta property=\"og:description\" content=\"Queremos presentar un vino legendario que muchos han o\u00eddo hablar de el pero muy pocos han probado. Solo Reyes y Nobles ten\u00edan estos vinos en su alacena. Hablamos de un vino m\u00edtico del que ya el rey Luis XIV &#8220;El Rey Sol&#8221; hablaba del el all\u00e1 por el 1700. Otros famosos que tambi\u00e9n hablaban de [&hellip;]\" \/>\n<meta property=\"og:url\" content=\"https:\/\/enobalund.se\/es\/fondillon\/\" \/>\n<meta property=\"og:site_name\" content=\"Enobalund\" \/>\n<meta property=\"article:publisher\" content=\"https:\/\/www.facebook.com\/enobalund\" \/>\n<meta property=\"article:modified_time\" content=\"2025-09-16T10:12:15+00:00\" \/>\n<meta property=\"og:image\" content=\"https:\/\/enobalund.se\/wp-content\/uploads\/2021\/01\/img2018803329.jpg\" \/>\n\t<meta property=\"og:image:width\" content=\"1400\" \/>\n\t<meta property=\"og:image:height\" content=\"500\" \/>\n\t<meta property=\"og:image:type\" content=\"image\/jpeg\" \/>\n<meta name=\"twitter:card\" content=\"summary_large_image\" \/>\n<meta name=\"twitter:site\" content=\"@enobalund\" \/>\n<meta name=\"twitter:label1\" content=\"Tiempo de lectura\" \/>\n\t<meta name=\"twitter:data1\" content=\"5 minutos\" \/>\n<script type=\"application\/ld+json\" class=\"yoast-schema-graph\">{\"@context\":\"https:\/\/schema.org\",\"@graph\":[{\"@type\":\"WebPage\",\"@id\":\"https:\/\/enobalund.se\/es\/fondillon\/\",\"url\":\"https:\/\/enobalund.se\/es\/fondillon\/\",\"name\":\"Fondill\u00f3n - Enobalund\",\"isPartOf\":{\"@id\":\"https:\/\/enobalund.se\/es\/#website\"},\"primaryImageOfPage\":{\"@id\":\"https:\/\/enobalund.se\/es\/fondillon\/#primaryimage\"},\"image\":{\"@id\":\"https:\/\/enobalund.se\/es\/fondillon\/#primaryimage\"},\"thumbnailUrl\":\"https:\/\/enobalund.se\/wp-content\/uploads\/2021\/01\/img2018803329-1024x366.jpg\",\"datePublished\":\"2021-02-17T09:52:21+00:00\",\"dateModified\":\"2025-09-16T10:12:15+00:00\",\"breadcrumb\":{\"@id\":\"https:\/\/enobalund.se\/es\/fondillon\/#breadcrumb\"},\"inLanguage\":\"es\",\"potentialAction\":[{\"@type\":\"ReadAction\",\"target\":[\"https:\/\/enobalund.se\/es\/fondillon\/\"]}]},{\"@type\":\"ImageObject\",\"inLanguage\":\"es\",\"@id\":\"https:\/\/enobalund.se\/es\/fondillon\/#primaryimage\",\"url\":\"https:\/\/enobalund.se\/wp-content\/uploads\/2021\/01\/img2018803329-1024x366.jpg\",\"contentUrl\":\"https:\/\/enobalund.se\/wp-content\/uploads\/2021\/01\/img2018803329-1024x366.jpg\"},{\"@type\":\"BreadcrumbList\",\"@id\":\"https:\/\/enobalund.se\/es\/fondillon\/#breadcrumb\",\"itemListElement\":[{\"@type\":\"ListItem\",\"position\":1,\"name\":\"Portada\",\"item\":\"https:\/\/enobalund.se\/es\/inicio\/\"},{\"@type\":\"ListItem\",\"position\":2,\"name\":\"Fondill\u00f3n\"}]},{\"@type\":\"WebSite\",\"@id\":\"https:\/\/enobalund.se\/es\/#website\",\"url\":\"https:\/\/enobalund.se\/es\/\",\"name\":\"Enobalund\",\"description\":\"Spanish wines with passion\",\"publisher\":{\"@id\":\"https:\/\/enobalund.se\/es\/#organization\"},\"potentialAction\":[{\"@type\":\"SearchAction\",\"target\":{\"@type\":\"EntryPoint\",\"urlTemplate\":\"https:\/\/enobalund.se\/es\/?s={search_term_string}\"},\"query-input\":{\"@type\":\"PropertyValueSpecification\",\"valueRequired\":true,\"valueName\":\"search_term_string\"}}],\"inLanguage\":\"es\"},{\"@type\":\"Organization\",\"@id\":\"https:\/\/enobalund.se\/es\/#organization\",\"name\":\"Enobalund\",\"url\":\"https:\/\/enobalund.se\/es\/\",\"logo\":{\"@type\":\"ImageObject\",\"inLanguage\":\"es\",\"@id\":\"https:\/\/enobalund.se\/es\/#\/schema\/logo\/image\/\",\"url\":\"https:\/\/enobalund.se\/wp-content\/uploads\/2020\/04\/logo-ENOBALUND-cuadrado.jpg\",\"contentUrl\":\"https:\/\/enobalund.se\/wp-content\/uploads\/2020\/04\/logo-ENOBALUND-cuadrado.jpg\",\"width\":807,\"height\":807,\"caption\":\"Enobalund\"},\"image\":{\"@id\":\"https:\/\/enobalund.se\/es\/#\/schema\/logo\/image\/\"},\"sameAs\":[\"https:\/\/www.facebook.com\/enobalund\",\"https:\/\/x.com\/enobalund\"]}]}<\/script>\n<!-- \/ Yoast SEO plugin. -->","yoast_head_json":{"title":"Fondill\u00f3n - Enobalund","robots":{"index":"index","follow":"follow","max-snippet":"max-snippet:-1","max-image-preview":"max-image-preview:large","max-video-preview":"max-video-preview:-1"},"canonical":"https:\/\/enobalund.se\/es\/fondillon\/","og_locale":"es_ES","og_type":"article","og_title":"Fondill\u00f3n - Enobalund","og_description":"Queremos presentar un vino legendario que muchos han o\u00eddo hablar de el pero muy pocos han probado. Solo Reyes y Nobles ten\u00edan estos vinos en su alacena. Hablamos de un vino m\u00edtico del que ya el rey Luis XIV &#8220;El Rey Sol&#8221; hablaba del el all\u00e1 por el 1700. Otros famosos que tambi\u00e9n hablaban de [&hellip;]","og_url":"https:\/\/enobalund.se\/es\/fondillon\/","og_site_name":"Enobalund","article_publisher":"https:\/\/www.facebook.com\/enobalund","article_modified_time":"2025-09-16T10:12:15+00:00","og_image":[{"width":1400,"height":500,"url":"https:\/\/enobalund.se\/wp-content\/uploads\/2021\/01\/img2018803329.jpg","type":"image\/jpeg"}],"twitter_card":"summary_large_image","twitter_site":"@enobalund","twitter_misc":{"Tiempo de lectura":"5 minutos"},"schema":{"@context":"https:\/\/schema.org","@graph":[{"@type":"WebPage","@id":"https:\/\/enobalund.se\/es\/fondillon\/","url":"https:\/\/enobalund.se\/es\/fondillon\/","name":"Fondill\u00f3n - Enobalund","isPartOf":{"@id":"https:\/\/enobalund.se\/es\/#website"},"primaryImageOfPage":{"@id":"https:\/\/enobalund.se\/es\/fondillon\/#primaryimage"},"image":{"@id":"https:\/\/enobalund.se\/es\/fondillon\/#primaryimage"},"thumbnailUrl":"https:\/\/enobalund.se\/wp-content\/uploads\/2021\/01\/img2018803329-1024x366.jpg","datePublished":"2021-02-17T09:52:21+00:00","dateModified":"2025-09-16T10:12:15+00:00","breadcrumb":{"@id":"https:\/\/enobalund.se\/es\/fondillon\/#breadcrumb"},"inLanguage":"es","potentialAction":[{"@type":"ReadAction","target":["https:\/\/enobalund.se\/es\/fondillon\/"]}]},{"@type":"ImageObject","inLanguage":"es","@id":"https:\/\/enobalund.se\/es\/fondillon\/#primaryimage","url":"https:\/\/enobalund.se\/wp-content\/uploads\/2021\/01\/img2018803329-1024x366.jpg","contentUrl":"https:\/\/enobalund.se\/wp-content\/uploads\/2021\/01\/img2018803329-1024x366.jpg"},{"@type":"BreadcrumbList","@id":"https:\/\/enobalund.se\/es\/fondillon\/#breadcrumb","itemListElement":[{"@type":"ListItem","position":1,"name":"Portada","item":"https:\/\/enobalund.se\/es\/inicio\/"},{"@type":"ListItem","position":2,"name":"Fondill\u00f3n"}]},{"@type":"WebSite","@id":"https:\/\/enobalund.se\/es\/#website","url":"https:\/\/enobalund.se\/es\/","name":"Enobalund","description":"Spanish wines with passion","publisher":{"@id":"https:\/\/enobalund.se\/es\/#organization"},"potentialAction":[{"@type":"SearchAction","target":{"@type":"EntryPoint","urlTemplate":"https:\/\/enobalund.se\/es\/?s={search_term_string}"},"query-input":{"@type":"PropertyValueSpecification","valueRequired":true,"valueName":"search_term_string"}}],"inLanguage":"es"},{"@type":"Organization","@id":"https:\/\/enobalund.se\/es\/#organization","name":"Enobalund","url":"https:\/\/enobalund.se\/es\/","logo":{"@type":"ImageObject","inLanguage":"es","@id":"https:\/\/enobalund.se\/es\/#\/schema\/logo\/image\/","url":"https:\/\/enobalund.se\/wp-content\/uploads\/2020\/04\/logo-ENOBALUND-cuadrado.jpg","contentUrl":"https:\/\/enobalund.se\/wp-content\/uploads\/2020\/04\/logo-ENOBALUND-cuadrado.jpg","width":807,"height":807,"caption":"Enobalund"},"image":{"@id":"https:\/\/enobalund.se\/es\/#\/schema\/logo\/image\/"},"sameAs":["https:\/\/www.facebook.com\/enobalund","https:\/\/x.com\/enobalund"]}]}},"publishpress_future_action":{"enabled":false,"date":"2026-05-07 00:14:15","action":"change-status","newStatus":"draft","terms":[],"taxonomy":"translation_priority","extraData":[]},"publishpress_future_workflow_manual_trigger":{"enabledWorkflows":[]},"_links":{"self":[{"href":"https:\/\/enobalund.se\/es\/wp-json\/wp\/v2\/pages\/47144","targetHints":{"allow":["GET"]}}],"collection":[{"href":"https:\/\/enobalund.se\/es\/wp-json\/wp\/v2\/pages"}],"about":[{"href":"https:\/\/enobalund.se\/es\/wp-json\/wp\/v2\/types\/page"}],"author":[{"embeddable":true,"href":"https:\/\/enobalund.se\/es\/wp-json\/wp\/v2\/users\/6"}],"replies":[{"embeddable":true,"href":"https:\/\/enobalund.se\/es\/wp-json\/wp\/v2\/comments?post=47144"}],"version-history":[{"count":0,"href":"https:\/\/enobalund.se\/es\/wp-json\/wp\/v2\/pages\/47144\/revisions"}],"wp:attachment":[{"href":"https:\/\/enobalund.se\/es\/wp-json\/wp\/v2\/media?parent=47144"}],"curies":[{"name":"wp","href":"https:\/\/api.w.org\/{rel}","templated":true}]}}